{"id":98,"date":"2026-04-13T07:01:17","date_gmt":"2026-04-13T07:01:17","guid":{"rendered":"https:\/\/rockin-garage.com\/?page_id=98"},"modified":"2026-04-13T07:09:21","modified_gmt":"2026-04-13T07:09:21","slug":"start","status":"publish","type":"page","link":"https:\/\/rockin-garage.com\/","title":{"rendered":"START"},"content":{"rendered":"<p>[et_pb_section fb_built=&#8220;1&#8243; admin_label=&#8220;Hero&#8220; _builder_version=&#8220;4.27.6&#8243; _module_preset=&#8220;74c69059-8e69-4122-b1e6-dfeabf6c5711&#8243; background_color=&#8220;#474747&#8243; use_background_color_gradient=&#8220;on&#8220; background_color_gradient_stops=&#8220;rgba(0,0,0,0.34) 0%|rgba(0,0,0,0.9) 100%&#8220; background_color_gradient_overlays_image=&#8220;on&#8220; background_color_gradient_start=&#8220;rgba(0,0,0,0.5)&#8220; background_color_gradient_end=&#8220;rgba(0,0,0,0.75)&#8220; background_image=&#8220;https:\/\/rockin-garage.com\/wp-content\/uploads\/2026\/04\/buehne.webp&#8220; custom_padding=&#8220;15.1%||0px||false|false&#8220; hover_enabled=&#8220;0&#8243; background_last_edited=&#8220;on|phone&#8220; use_background_color_gradient_phone=&#8220;on&#8220; background_color_gradient_stops_phone=&#8220;rgba(0,0,0,0.13) 42%|rgba(0,0,0,0.42) 100%&#8220; locked=&#8220;off&#8220; collapsed=&#8220;on&#8220; global_colors_info=&#8220;{}&#8220; sticky_enabled=&#8220;0&#8243; custom_margin=&#8220;||80px|||&#8220;][et_pb_row _builder_version=&#8220;4.18.0&#8243; _module_preset=&#8220;5138c454-be54-4233-bd3b-f8e6a8747976&#8243; locked=&#8220;off&#8220; global_colors_info=&#8220;{}&#8220;][et_pb_column type=&#8220;4_4&#8243; _builder_version=&#8220;4.16&#8243; _module_preset=&#8220;73121f80-a3ef-4484-8763-c3f18e3c56d2&#8243; global_colors_info=&#8220;{}&#8220;][et_pb_heading title=&#8220;Rockin&#8217;Garage &#8211; wir arbeiten daran. Demn\u00e4chst mehr&#8230;&#8220; _builder_version=&#8220;4.27.6&#8243; _module_preset=&#8220;ddeb8c09-9078-4424-bc15-2efb6572e28e&#8220; title_font=&#8220;|700||on|||||&#8220; title_text_color=&#8220;#FFFFFF&#8220; title_font_size=&#8220;72px&#8220; title_line_height=&#8220;1.15em&#8220; animation_style=&#8220;zoom&#8220; title_font_size_tablet=&#8220;40px&#8220; title_font_size_phone=&#8220;35px&#8220; title_font_size_last_edited=&#8220;on|phone&#8220; locked=&#8220;off&#8220; global_colors_info=&#8220;{}&#8220;][\/et_pb_heading][\/et_pb_column][\/et_pb_row][et_pb_row _builder_version=&#8220;4.27.6&#8243; _module_preset=&#8220;default&#8220; global_colors_info=&#8220;{}&#8220;][et_pb_column type=&#8220;4_4&#8243; _builder_version=&#8220;4.27.6&#8243; _module_preset=&#8220;default&#8220; global_colors_info=&#8220;{}&#8220;][\/et_pb_column][\/et_pb_row][et_pb_row column_structure=&#8220;1_4,1_4,1_4,1_4&#8243; make_equal=&#8220;on&#8220; disabled_on=&#8220;on|on|on&#8220; _builder_version=&#8220;4.27.6&#8243; _module_preset=&#8220;5138c454-be54-4233-bd3b-f8e6a8747976&#8243; background_color=&#8220;#FFFFFF&#8220; custom_margin=&#8220;8%||||false|false&#8220; custom_padding=&#8220;0px||0px||true|false&#8220; border_radii=&#8220;off||6px||&#8220; border_radii_tablet=&#8220;off||6px||&#8220; border_radii_phone=&#8220;off||6px||&#8220; border_radii_last_edited=&#8220;on|desktop&#8220; box_shadow_style=&#8220;preset4&#8243; box_shadow_horizontal=&#8220;-31vw&#8220; box_shadow_vertical=&#8220;0px&#8220; box_shadow_color=&#8220;#FFFFFF&#8220; disabled=&#8220;on&#8220; global_colors_info=&#8220;{}&#8220;][et_pb_column type=&#8220;1_4&#8243; _builder_version=&#8220;4.16&#8243; _module_preset=&#8220;73121f80-a3ef-4484-8763-c3f18e3c56d2&#8243; custom_padding=&#8220;30px||||false|false&#8220; custom_padding_tablet=&#8220;40px|20px|40px||true|false&#8220; custom_padding_phone=&#8220;30px||30px||true|true&#8220; custom_padding_last_edited=&#8220;off|desktop&#8220; global_colors_info=&#8220;{}&#8220;][et_pb_blurb title=&#8220;MIETE&#8220; use_icon=&#8220;on&#8220; font_icon=&#8220;&#xe065;||fa||900&#8243; icon_color=&#8220;#DFB758&#8243; icon_placement=&#8220;left&#8220; image_icon_width=&#8220;24px&#8220; content_max_width=&#8220;100%&#8220; _builder_version=&#8220;4.27.6&#8243; _module_preset=&#8220;1ea53d41-9439-472c-8d8b-7bddb3bf9444&#8243; header_font=&#8220;Abril Fatface|Abril Fatface_weight|||||||&#8220; header_text_color=&#8220;#0e0c19&#8243; header_font_size=&#8220;14px&#8220; header_line_height=&#8220;1.5em&#8220; body_font=&#8220;Poppins|Poppins_weight|||||||&#8220; body_text_color=&#8220;#3c3a47&#8243; body_line_height=&#8220;1.75em&#8220; body_link_text_color=&#8220;#3b322c&#8220; animation=&#8220;off&#8220; header_font_size_tablet=&#8220;13px&#8220; header_font_size_phone=&#8220;13px&#8220; header_font_size_last_edited=&#8220;off|desktop&#8220; body_font_size_tablet=&#8220;15px&#8220; body_font_size_phone=&#8220;14px&#8220; body_font_size_last_edited=&#8220;off|desktop&#8220; border_radii_image=&#8220;on|6px|6px|6px|6px&#8220; global_colors_info=&#8220;{}&#8220;]<\/p>\n<p>Vermieten Sie unsere vielseitige Location f\u00fcr Ihre besonderen Anl\u00e4sse.<\/p>\n<p>[\/et_pb_blurb][\/et_pb_column][et_pb_column type=&#8220;1_4&#8243; _builder_version=&#8220;4.16&#8243; _module_preset=&#8220;73121f80-a3ef-4484-8763-c3f18e3c56d2&#8243; custom_padding=&#8220;30px||||false|false&#8220; global_colors_info=&#8220;{}&#8220;][et_pb_blurb title=&#8220;EVENT&#8220; use_icon=&#8220;on&#8220; font_icon=&#8220;&#xf028;||fa||900&#8243; icon_color=&#8220;#DFB758&#8243; icon_placement=&#8220;left&#8220; image_icon_width=&#8220;24px&#8220; content_max_width=&#8220;100%&#8220; _builder_version=&#8220;4.27.6&#8243; _module_preset=&#8220;1ea53d41-9439-472c-8d8b-7bddb3bf9444&#8243; header_font=&#8220;Abril Fatface|Abril Fatface_weight|||||||&#8220; header_text_color=&#8220;#0e0c19&#8243; header_font_size=&#8220;14px&#8220; header_line_height=&#8220;1.5em&#8220; body_font=&#8220;Poppins|Poppins_weight|||||||&#8220; body_text_color=&#8220;#3c3a47&#8243; body_line_height=&#8220;1.75em&#8220; body_link_text_color=&#8220;#3b322c&#8220; animation=&#8220;off&#8220; header_font_size_tablet=&#8220;13px&#8220; header_font_size_phone=&#8220;13px&#8220; header_font_size_last_edited=&#8220;off|desktop&#8220; body_font_size_tablet=&#8220;15px&#8220; body_font_size_phone=&#8220;14px&#8220; body_font_size_last_edited=&#8220;off|desktop&#8220; border_radii_image=&#8220;on|6px|6px|6px|6px&#8220; locked=&#8220;off&#8220; global_colors_info=&#8220;{}&#8220;]<\/p>\n<p>Erleben Sie mitrei\u00dfende Konzerte und Veranstaltungen in einem einzigartigen Ambiente.<\/p>\n<p>[\/et_pb_blurb][\/et_pb_column][et_pb_column type=&#8220;1_4&#8243; _builder_version=&#8220;4.16&#8243; _module_preset=&#8220;73121f80-a3ef-4484-8763-c3f18e3c56d2&#8243; custom_padding=&#8220;30px||||false|false&#8220; global_colors_info=&#8220;{}&#8220;][et_pb_blurb title=&#8220;GALLERY&#8220; use_icon=&#8220;on&#8220; font_icon=&#8220;&#xf87c;||fa||900&#8243; icon_color=&#8220;#DFB758&#8243; icon_placement=&#8220;left&#8220; image_icon_width=&#8220;24px&#8220; content_max_width=&#8220;100%&#8220; _builder_version=&#8220;4.27.6&#8243; _module_preset=&#8220;1ea53d41-9439-472c-8d8b-7bddb3bf9444&#8243; header_font=&#8220;Abril Fatface|Abril Fatface_weight|||||||&#8220; header_text_color=&#8220;#0e0c19&#8243; header_font_size=&#8220;14px&#8220; header_line_height=&#8220;1.5em&#8220; body_font=&#8220;Poppins|Poppins_weight|||||||&#8220; body_text_color=&#8220;#3c3a47&#8243; body_line_height=&#8220;1.75em&#8220; body_link_text_color=&#8220;#3b322c&#8220; animation=&#8220;off&#8220; header_font_size_tablet=&#8220;13px&#8220; header_font_size_phone=&#8220;13px&#8220; header_font_size_last_edited=&#8220;off|desktop&#8220; body_font_size_tablet=&#8220;15px&#8220; body_font_size_phone=&#8220;14px&#8220; body_font_size_last_edited=&#8220;off|desktop&#8220; border_radii_image=&#8220;on|6px|6px|6px|6px&#8220; locked=&#8220;off&#8220; global_colors_info=&#8220;{}&#8220;]<\/p>\n<p>Werfen Sie einen Blick in unsere Galerie und lassen Sie sich inspirieren.<\/p>\n<p>[\/et_pb_blurb][\/et_pb_column][et_pb_column type=&#8220;1_4&#8243; _builder_version=&#8220;4.27.6&#8243; _module_preset=&#8220;73121f80-a3ef-4484-8763-c3f18e3c56d2&#8243; background_color=&#8220;#96733a&#8220; transform_translate=&#8220;1px|0px&#8220; transform_translate_linked=&#8220;off&#8220; custom_padding=&#8220;50px|20px|50px|20px|true|true&#8220; custom_padding_tablet=&#8220;||||true|false&#8220; custom_padding_phone=&#8220;30px||30px||true|true&#8220; custom_padding_last_edited=&#8220;on|phone&#8220; global_colors_info=&#8220;{%22#5e8c61%22:%91%22background_color%22%93}&#8220;][et_pb_button button_text=&#8220;Jetzt entdecken&#8220; button_alignment=&#8220;center&#8220; _builder_version=&#8220;4.24.3&#8243; _module_preset=&#8220;ab15fb74-61a3-43aa-96b3-41e09aeef654&#8243; custom_button=&#8220;on&#8220; button_text_size=&#8220;14px&#8220; button_text_color=&#8220;#5e8c61&#8243; button_bg_color=&#8220;#FFFFFF&#8220; button_border_width=&#8220;0px&#8220; button_border_radius=&#8220;100px&#8220; button_font=&#8220;Poppins|700|||||||&#8220; custom_padding=&#8220;12px|24px|12px|24px|true|true&#8220; global_colors_info=&#8220;{%22#5e8c61%22:%91%22button_text_color%22%93}&#8220;][\/et_pb_button][\/et_pb_column][\/et_pb_row][\/et_pb_section]<\/p>\n","protected":false},"excerpt":{"rendered":"<p>Vermieten Sie unsere vielseitige Location f\u00fcr Ihre besonderen Anl\u00e4sse.Erleben Sie mitrei\u00dfende Konzerte und Veranstaltungen in einem einzigartigen Ambiente.Werfen Sie einen Blick in unsere Galerie und lassen Sie sich inspirieren.<\/p>\n","protected":false},"author":2,"featured_media":0,"parent":0,"menu_order":0,"comment_status":"closed","ping_status":"closed","template":"","meta":{"_et_pb_use_builder":"on","_et_pb_old_content":"","_et_gb_content_width":"","footnotes":""},"class_list":["post-98","page","type-page","status-publish","hentry"],"_links":{"self":[{"href":"https:\/\/rockin-garage.com\/index.php?rest_route=\/wp\/v2\/pages\/98","targetHints":{"allow":["GET"]}}],"collection":[{"href":"https:\/\/rockin-garage.com\/index.php?rest_route=\/wp\/v2\/pages"}],"about":[{"href":"https:\/\/rockin-garage.com\/index.php?rest_route=\/wp\/v2\/types\/page"}],"author":[{"embeddable":true,"href":"https:\/\/rockin-garage.com\/index.php?rest_route=\/wp\/v2\/users\/2"}],"replies":[{"embeddable":true,"href":"https:\/\/rockin-garage.com\/index.php?rest_route=%2Fwp%2Fv2%2Fcomments&post=98"}],"version-history":[{"count":4,"href":"https:\/\/rockin-garage.com\/index.php?rest_route=\/wp\/v2\/pages\/98\/revisions"}],"predecessor-version":[{"id":111,"href":"https:\/\/rockin-garage.com\/index.php?rest_route=\/wp\/v2\/pages\/98\/revisions\/111"}],"wp:attachment":[{"href":"https:\/\/rockin-garage.com\/index.php?rest_route=%2Fwp%2Fv2%2Fmedia&parent=98"}],"curies":[{"name":"wp","href":"https:\/\/api.w.org\/{rel}","templated":true}]}}